{"id":475,"date":"2021-08-17T10:42:50","date_gmt":"2021-08-17T08:42:50","guid":{"rendered":"https:\/\/hurtchem.com.pl\/wordpress\/wordpress\/index.php\/odbior-odpadow\/"},"modified":"2021-08-23T14:45:27","modified_gmt":"2021-08-23T12:45:27","slug":"odbior-odpadow","status":"publish","type":"page","link":"https:\/\/hurtchem.com.pl\/index.php\/odbior-odpadow\/","title":{"rendered":"Odbi\u00f3r odpad\u00f3w"},"content":{"rendered":"\n<p class=\"has-text-color has-large-font-size\" style=\"color:#ff6c03\"><strong>Odpady opakowaniowe po odczynnikach chemicznych<\/strong><\/p>\n\n\n\n<p>W celu zapewnienia komplementarnych us\u0142ug oferujemy Pa\u0144stwu odbi\u00f3r odpad\u00f3w niebezpiecznych po odczynnikach chemicznych o kodzie 15 01 10*, bezp\u0142atnie w ramach umowy z zawartym zapisem dot. wymagalno\u015bci odbioru odpad\u00f3w, w innych przypadkach odp\u0142atnie. <\/p>\n\n\n\n<p>Odpady s\u0105 przewo\u017cone naszym transportem, utylizacje realizujemy przez firm\u0119 PGR PROEKO z kt\u00f3ra mamy podpisan\u0105 umow\u0119 na odbi\u00f3r i utylizacj\u0119.<\/p>\n\n\n\n<p>W celu przekazania odpad\u00f3w niezb\u0119dne jest zarejestrowanie si\u0119 w bazie BDO, wype\u0142nienie KPO i przes\u0142anie jej do nas w systemie a wcze\u015bniej kontakt w celu ustalenia mo\u017cliwego terminu odbioru.<\/p>\n\n\n\n<p><\/p>\n\n\n\n<p>Nr BDO Firmy HURT-CHEM &#8211; 000108376<\/p>\n\n\n\n<p>Nr BDO Firmy PGR PROEKO &#8211; 000023809<\/p>\n\n\n\n<p><\/p>\n\n\n\n<p class=\"has-large-font-size\"><strong>NASZ PARTNER<\/strong><\/p>\n\n\n\n<figure class=\"wp-block-image size-large\"><img decoding=\"async\" src=\"https:\/\/hurtchem.com.pl\/wp-content\/uploads\/2021\/08\/proeko-polska-grupa-recyklingu.png\" alt=\"\"\/><\/figure>\n\n\n\n<p><\/p>\n","protected":false},"excerpt":{"rendered":"<p>Odpady opakowaniowe po odczynnikach chemicznych W celu zapewnienia komplementarnych us\u0142ug oferujemy Pa\u0144stwu odbi\u00f3r odpad\u00f3w niebezpiecznych po odczynnikach chemicznych o kodzie 15 01 10*, bezp\u0142atnie w ramach umowy z zawartym zapisem dot. wymagalno\u015bci odbioru odpad\u00f3w, w innych przypadkach odp\u0142atnie. Odpady s\u0105 przewo\u017cone naszym transportem, utylizacje realizujemy przez firm\u0119 PGR PROEKO z kt\u00f3ra mamy podpisan\u0105 umow\u0119 na [&hellip;]<\/p>\n","protected":false},"author":1,"featured_media":0,"parent":0,"menu_order":0,"comment_status":"closed","ping_status":"closed","template":"","meta":{"footnotes":""},"class_list":["post-475","page","type-page","status-publish","hentry"],"_links":{"self":[{"href":"https:\/\/hurtchem.com.pl\/index.php\/wp-json\/wp\/v2\/pages\/475","targetHints":{"allow":["GET"]}}],"collection":[{"href":"https:\/\/hurtchem.com.pl\/index.php\/wp-json\/wp\/v2\/pages"}],"about":[{"href":"https:\/\/hurtchem.com.pl\/index.php\/wp-json\/wp\/v2\/types\/page"}],"author":[{"embeddable":true,"href":"https:\/\/hurtchem.com.pl\/index.php\/wp-json\/wp\/v2\/users\/1"}],"replies":[{"embeddable":true,"href":"https:\/\/hurtchem.com.pl\/index.php\/wp-json\/wp\/v2\/comments?post=475"}],"version-history":[{"count":7,"href":"https:\/\/hurtchem.com.pl\/index.php\/wp-json\/wp\/v2\/pages\/475\/revisions"}],"predecessor-version":[{"id":603,"href":"https:\/\/hurtchem.com.pl\/index.php\/wp-json\/wp\/v2\/pages\/475\/revisions\/603"}],"wp:attachment":[{"href":"https:\/\/hurtchem.com.pl\/index.php\/wp-json\/wp\/v2\/media?parent=475"}],"curies":[{"name":"wp","href":"https:\/\/api.w.org\/{rel}","templated":true}]}}