{"id":474,"date":"2021-08-17T10:42:50","date_gmt":"2021-08-17T08:42:50","guid":{"rendered":"https:\/\/hurtchem.com.pl\/wordpress\/wordpress\/index.php\/dostawa\/"},"modified":"2021-08-23T14:46:14","modified_gmt":"2021-08-23T12:46:14","slug":"dostawy-towaru","status":"publish","type":"page","link":"https:\/\/hurtchem.com.pl\/index.php\/dostawy-towaru\/","title":{"rendered":"Dostawy towaru"},"content":{"rendered":"\n<p class=\"has-text-color has-large-font-size\" style=\"color:#ff6c03\"><strong>Realizujemy dostawy na terenie ca\u0142ej Polski<\/strong><\/p>\n\n\n\n<p><\/p>\n\n\n\n<p>W celu zapewniania najwy\u017cszej jako\u015bci i bezpiecze\u0144stwa, od pocz\u0105tku istnienia Firmy towar dor\u0119czamy w\u0142asnym transportem do najwi\u0119kszych miast Polski takich jak:<\/p>\n\n\n\n<p><\/p>\n\n\n\n<p>\u2022 Warszawa<br>\u2022 Gda\u0144sk<br>\u2022 Olsztyn<br>\u2022 Bydgoszcz<br>\u2022 Pozna\u0144<br>\u2022 \u0141\u00f3d\u017a<br>\u2022 Bia\u0142ystok<br>\u2022 Lublin<br>\u2022 Wroc\u0142aw<br>oraz okolic<\/p>\n\n\n\n<p><\/p>\n\n\n\n<p>Do pozosta\u0142ych region\u00f3w kraju towar jest wysy\u0142any przesy\u0142k\u0105 kuriersk\u0105 niestandardow\u0105, ADR poprzez kuriera DHL lub DORTRANS  <\/p>\n\n\n\n<p><\/p>\n\n\n\n<p style=\"font-size:30px\"><strong>NASI PARTNERZY<\/strong><\/p>\n\n\n\n<div class=\"wp-block-columns is-layout-flex wp-container-core-columns-is-layout-9d6595d7 wp-block-columns-is-layout-flex\">\n<div class=\"wp-block-column is-layout-flow wp-block-column-is-layout-flow\">\n<figure class=\"wp-block-image size-large is-resized\"><img loading=\"lazy\" decoding=\"async\" src=\"https:\/\/hurtchem.com.pl\/wp-content\/uploads\/2021\/08\/dhl-1024x313.png\" alt=\"\" width=\"388\" height=\"118\"\/><\/figure>\n<\/div>\n\n\n\n<div class=\"wp-block-column is-layout-flow wp-block-column-is-layout-flow\">\n<div class=\"wp-block-image\"><figure class=\"alignleft size-large is-resized\"><img loading=\"lazy\" decoding=\"async\" src=\"https:\/\/hurtchem.com.pl\/wp-content\/uploads\/2021\/08\/dortrans.png\" alt=\"\" width=\"504\" height=\"113\"\/><\/figure><\/div>\n\n\n\n<p><\/p>\n<\/div>\n<\/div>\n\n\n\n<p><\/p>\n","protected":false},"excerpt":{"rendered":"<p>Realizujemy dostawy na terenie ca\u0142ej Polski W celu zapewniania najwy\u017cszej jako\u015bci i bezpiecze\u0144stwa, od pocz\u0105tku istnienia Firmy towar dor\u0119czamy w\u0142asnym transportem do najwi\u0119kszych miast Polski takich jak: \u2022 Warszawa\u2022 Gda\u0144sk\u2022 Olsztyn\u2022 Bydgoszcz\u2022 Pozna\u0144\u2022 \u0141\u00f3d\u017a\u2022 Bia\u0142ystok\u2022 Lublin\u2022 Wroc\u0142aworaz okolic Do pozosta\u0142ych region\u00f3w kraju towar jest wysy\u0142any przesy\u0142k\u0105 kuriersk\u0105 niestandardow\u0105, ADR poprzez kuriera DHL lub DORTRANS NASI [&hellip;]<\/p>\n","protected":false},"author":1,"featured_media":0,"parent":0,"menu_order":0,"comment_status":"closed","ping_status":"closed","template":"","meta":{"footnotes":""},"class_list":["post-474","page","type-page","status-publish","hentry"],"_links":{"self":[{"href":"https:\/\/hurtchem.com.pl\/index.php\/wp-json\/wp\/v2\/pages\/474","targetHints":{"allow":["GET"]}}],"collection":[{"href":"https:\/\/hurtchem.com.pl\/index.php\/wp-json\/wp\/v2\/pages"}],"about":[{"href":"https:\/\/hurtchem.com.pl\/index.php\/wp-json\/wp\/v2\/types\/page"}],"author":[{"embeddable":true,"href":"https:\/\/hurtchem.com.pl\/index.php\/wp-json\/wp\/v2\/users\/1"}],"replies":[{"embeddable":true,"href":"https:\/\/hurtchem.com.pl\/index.php\/wp-json\/wp\/v2\/comments?post=474"}],"version-history":[{"count":12,"href":"https:\/\/hurtchem.com.pl\/index.php\/wp-json\/wp\/v2\/pages\/474\/revisions"}],"predecessor-version":[{"id":606,"href":"https:\/\/hurtchem.com.pl\/index.php\/wp-json\/wp\/v2\/pages\/474\/revisions\/606"}],"wp:attachment":[{"href":"https:\/\/hurtchem.com.pl\/index.php\/wp-json\/wp\/v2\/media?parent=474"}],"curies":[{"name":"wp","href":"https:\/\/api.w.org\/{rel}","templated":true}]}}