{"id":21,"date":"2021-08-09T11:31:40","date_gmt":"2021-08-09T09:31:40","guid":{"rendered":"https:\/\/hurtchem.com.pl\/wordpress\/wordpress\/?page_id=21"},"modified":"2021-08-09T14:49:34","modified_gmt":"2021-08-09T12:49:34","slug":"rodo","status":"publish","type":"page","link":"https:\/\/hurtchem.com.pl\/index.php\/rodo\/","title":{"rendered":"RODO"},"content":{"rendered":"\n<p>Od 25 maja 2018 roku obowi\u0105zuje Rozporz\u0105dzenie Parlamentu Europejskiego i Rady (UE) 2016\/679 z dnia 27 kwietnia 2016 r. w sprawie ochrony os\u00f3b fizycznych w zwi\u0105zku z przetwarzaniem danych osobowych i w sprawie swobodnego przep\u0142ywu takich danych oraz uchylenia dyrektywy 95\/46\/WE (okre\u015blane jako &#8222;RODO&#8221;). W zwi\u0105zku z tym chcieliby\u015bmy poinformowa\u0107 przetwarzaniu Twoich danych oraz zasadach, na jakich odbywa si\u0119 to po dniu 25 maja 2018 roku.<\/p>\n\n\n\n<h3 class=\"wp-block-heading\">Kto b\u0119dzie administratorem Twoich danych?<\/h3>\n\n\n\n<p>Administratorami Twoich danych b\u0119dzie HURT-CHEM HURTOWNIA ODCZYNNIK\u00d3W CHEMICZNYCH Duchnice, ul. Boczna 10, 05-850 O\u017car\u00f3w Mazowiecki jak r\u00f3wnie\u017c nasi Zaufani Partnerzy, z kt\u00f3rymi stale wsp\u00f3\u0142pracujemy. Najcz\u0119\u015bciej ta wsp\u00f3\u0142praca ma na celu dostosowywanie us\u0142ug, kt\u00f3re dostarczamy do Twoich potrzeb i zainteresowa\u0144.<\/p>\n\n\n\n<h3 class=\"wp-block-heading\">O jakich danych m\u00f3wimy?<\/h3>\n\n\n\n<p>Chodzi o dane osobowe, kt\u00f3re s\u0105 zbierane w ramach korzystania przez Ciebie z naszych us\u0142ug, w tym zapisywanych w&nbsp;plikach cookies, kt\u00f3re s\u0105 instalowane na naszej stronie.<\/p>\n\n\n\n<h3 class=\"wp-block-heading\">Dlaczego chcemy przetwarza\u0107 Twoje dane?<\/h3>\n\n\n\n<p>Przetwarzamy je, aby:<\/p>\n\n\n\n<ul class=\"wp-block-list\"><li>zapewnia\u0107 wi\u0119ksze bezpiecze\u0144stwo us\u0142ug,<\/li><li>udoskonala\u0107 nasze us\u0142ugi i maksymalnie dopasowa\u0107 je do Twoich zainteresowa\u0144,<\/li><\/ul>\n\n\n\n<h3 class=\"wp-block-heading\">Komu mo\u017cemy przekaza\u0107 dane?<\/h3>\n\n\n\n<p>Zgodnie z obowi\u0105zuj\u0105cym prawem Twoje dane mo\u017cemy przekazywa\u0107 podmiotom przetwarzaj\u0105cym je na nasze zlecenie, np. podwykonawcom naszych us\u0142ug oraz podmiotom uprawnionym do uzyskania danych na podstawie obowi\u0105zuj\u0105cego prawa np. s\u0105dom lub organom \u015bcigania \u2013 oczywi\u015bcie tylko, gdy wyst\u0105pi\u0105 z \u017c\u0105daniem w oparciu o stosown\u0105 podstaw\u0119 prawn\u0105.<\/p>\n\n\n\n<h3 class=\"wp-block-heading\">Jakie masz prawa w stosunku do Twoich danych?<\/h3>\n\n\n\n<p>Masz prawo \u017c\u0105dania dost\u0119pu, sprostowania, usuni\u0119cia lub ograniczenia przetwarzania danych. Mo\u017cesz wycofa\u0107 zgod\u0119 na przetwarzanie, zg\u0142osi\u0107 sprzeciw oraz skorzysta\u0107 z innych praw.&nbsp;<\/p>\n\n\n\n<h3 class=\"wp-block-heading\">Jakie s\u0105 podstawy prawne przetwarzania Twoich danych?<\/h3>\n\n\n\n<p>Ka\u017cde przetwarzanie Twoich danych musi by\u0107 oparte na w\u0142a\u015bciwej, zgodnej z obowi\u0105zuj\u0105cymi przepisami, podstawie prawnej. Podstaw\u0105 prawn\u0105 przetwarzania Twoich danych w celu \u015bwiadczenia us\u0142ug, w tym dopasowywania ich do Twoich potrzeb, analizowania ich i udoskonalania oraz zapewniania ich bezpiecze\u0144stwa jest niezb\u0119dno\u015b\u0107 do wykonania um\u00f3w. Przetwarzanie Twoich danych w celach realizacji um\u00f3w HURT-CHEM HURTOWNIA ODCZYNNIK\u00d3W CHEMICZNYCH Duchnice, ul. Boczna 10, 05-850 O\u017car\u00f3w Mazowiecki&nbsp; i na zlecenie Zaufanych Partner\u00f3w i bezpo\u015brednio przez Zaufanych Partner\u00f3w b\u0119dzie odbywa\u0107 si\u0119 na podstawie Twojej dobrowolnej zgody.<\/p>\n","protected":false},"excerpt":{"rendered":"<p>Od 25 maja 2018 roku obowi\u0105zuje Rozporz\u0105dzenie Parlamentu Europejskiego i Rady (UE) 2016\/679 z dnia 27 kwietnia 2016 r. w sprawie ochrony os\u00f3b fizycznych w zwi\u0105zku z przetwarzaniem danych osobowych i w sprawie swobodnego przep\u0142ywu takich danych oraz uchylenia dyrektywy 95\/46\/WE (okre\u015blane jako &#8222;RODO&#8221;). W zwi\u0105zku z tym chcieliby\u015bmy poinformowa\u0107 przetwarzaniu Twoich danych oraz zasadach, [&hellip;]<\/p>\n","protected":false},"author":1,"featured_media":0,"parent":0,"menu_order":0,"comment_status":"closed","ping_status":"closed","template":"","meta":{"footnotes":""},"class_list":["post-21","page","type-page","status-publish","hentry"],"_links":{"self":[{"href":"https:\/\/hurtchem.com.pl\/index.php\/wp-json\/wp\/v2\/pages\/21","targetHints":{"allow":["GET"]}}],"collection":[{"href":"https:\/\/hurtchem.com.pl\/index.php\/wp-json\/wp\/v2\/pages"}],"about":[{"href":"https:\/\/hurtchem.com.pl\/index.php\/wp-json\/wp\/v2\/types\/page"}],"author":[{"embeddable":true,"href":"https:\/\/hurtchem.com.pl\/index.php\/wp-json\/wp\/v2\/users\/1"}],"replies":[{"embeddable":true,"href":"https:\/\/hurtchem.com.pl\/index.php\/wp-json\/wp\/v2\/comments?post=21"}],"version-history":[{"count":2,"href":"https:\/\/hurtchem.com.pl\/index.php\/wp-json\/wp\/v2\/pages\/21\/revisions"}],"predecessor-version":[{"id":165,"href":"https:\/\/hurtchem.com.pl\/index.php\/wp-json\/wp\/v2\/pages\/21\/revisions\/165"}],"wp:attachment":[{"href":"https:\/\/hurtchem.com.pl\/index.php\/wp-json\/wp\/v2\/media?parent=21"}],"curies":[{"name":"wp","href":"https:\/\/api.w.org\/{rel}","templated":true}]}}