{"id":20,"date":"2021-08-09T11:31:40","date_gmt":"2021-08-09T09:31:40","guid":{"rendered":"https:\/\/hurtchem.com.pl\/wordpress\/wordpress\/?page_id=20"},"modified":"2025-08-08T14:41:14","modified_gmt":"2025-08-08T12:41:14","slug":"o-firmie","status":"publish","type":"page","link":"https:\/\/hurtchem.com.pl\/index.php\/o-firmie\/","title":{"rendered":"O firmie"},"content":{"rendered":"\n<p>Szanowni Klienci!<\/p>\n\n\n\n<p>Hurt-Chem Hurtownia Odczynnik\u00f3w Chemicznych jest firm\u0105 rodzinn\u0105 z d\u0142ugoletni\u0105 tradycj\u0105.<\/p>\n\n\n\n<p>Firma powsta\u0142a w 1991 roku- pocz\u0105tkowo dzia\u0142a\u0142a jako sp\u00f3\u0142ka cywilna, by ostatecznie w 1995 roku przyj\u0105\u0107 dotychczas obowi\u0105zuj\u0105c\u0105 form\u0119 prawn\u0105- Hurt-Chem Hurtownia Odczynnik\u00f3w Chemicznych Piotr Bartocha.<\/p>\n\n\n\n<p>Nasza oferta by\u0142a ukierunkowana na rynek warszawski i wojew\u00f3dztwa mazowieckiego. Pocz\u0105tkowo oferowali\u015bmy odczynniki chemiczne i surowce chemiczne firm krajowych, a nast\u0119pnie firm zagranicznych.<\/p>\n\n\n\n<p>Dzi\u0119ki uproszczeniu metod wsp\u00f3\u0142pracy z odbiorcami ,szybko zdobywali\u015bmy nowych klient\u00f3w. Byli\u015bmy pierwsz\u0105 firm\u0105 w bran\u017cy, kt\u00f3ra oferowa\u0142a bezp\u0142atny transport, zam\u00f3wienia na telefon. Dzia\u0142ania firmy zosta\u0142y zauwa\u017cone i docenione przez producent\u00f3w oraz importer\u00f3w odczynnik\u00f3w i surowc\u00f3w chemicznych, a tak\u017ce przez licznych klient\u00f3w.<br><br>Od 1992r jeste\u015bmy dystrybutorem POCH W Gliwicach, od 1998 licencjonowanym dystrybutorem POCH, obecnie wy\u0142\u0105czny dystrybutor Avantor Performance Materials w wojew\u00f3dztwie mazowieckim, \u0142\u00f3dzkim, warmi\u0144sko-mazurskim i podlaskim.<br>Od 1999r jeste\u015bmy jedynym dystrybutorem firmy Merck w rejonie warszawskim.<br>Od 2001r jeste\u015bmy partnerem handlowym Sigma-Aldrich, obecnie partner strategiczny.<br>Od 2002r jeste\u015bmy licencjonowanym dystrybutorem Rokita SA w Brzegu Dolnym, obecnie licencjonowany dystrybutor EXOL SA.<\/p>\n\n\n\n<p><br>W styczniu 2015 firma Avantor Performance Materials, w zwi\u0105zku z rezygnacj\u0105 ze sprzeda\u017cy oferty komplementarnej, doceniaj\u0105c nasz\u0105 dotychczasow\u0105 wsp\u00f3\u0142prac\u0119, przekaza\u0142a nam do dystrybucji&nbsp; t\u0105 cz\u0119\u015b\u0107 swego portfolio tj. filtracja, szk\u0142o laboratoryjne, sprz\u0119t i mikrobiologia.<\/p>\n\n\n\n<p>W chwili obecnej w naszej ofercie Pa\u0144stwo znajdziecie zar\u00f3wno odczynniki chemiczne i surowce, jak i wszelkie inne produkty niezb\u0119dne w pracy&nbsp; w laboratorium, jak i w przemy\u015ble. Aktualnie wsp\u00f3\u0142pracujemy z ok. 200 dostawcami z szeroko rozumianej bran\u017cy chemiczno-laboratoryjnej.<\/p>\n\n\n\n<p>Decyduj\u0105c si\u0119 na zakupy w naszej firmie macie Pa\u0144stwo zagwarantowane:<\/p>\n\n\n\n<p>&#8211; profesjonaln\u0105 obs\u0142ug\u0119<br>&#8211; kr\u00f3tki czas realizacji zam\u00f3wie\u0144<br>&#8211; ceny hurtowe<br>&#8211; transport na koszt hurtowni przy zakupach powy\u017cej 500z\u0142<br>&#8211; rabaty przy sta\u0142ej wsp\u00f3\u0142pracy<br>&#8211; kompletno\u015b\u0107 realizacji twoich potrzeb w jednym miejscu.&nbsp;<\/p>\n\n\n\n<p>Zapraszamy do wsp\u00f3\u0142pracy!<\/p>\n\n\n\n<p><\/p>\n\n\n\n<p>Wydruk CEIDG<\/p>\n\n\n\n<div class=\"wp-block-file\"><a id=\"wp-block-file--media-1c49a40d-5f82-47e0-b44b-b8c7cceeb656\" href=\"https:\/\/hurtchem.com.pl\/wp-content\/uploads\/2025\/08\/CEIDG.pdf\">CEIDG<\/a><a href=\"https:\/\/hurtchem.com.pl\/wp-content\/uploads\/2025\/08\/CEIDG.pdf\" class=\"wp-block-file__button wp-element-button\" download aria-describedby=\"wp-block-file--media-1c49a40d-5f82-47e0-b44b-b8c7cceeb656\">Pobierz<\/a><\/div>\n\n\n\n<p><\/p>\n\n\n\n<p>Pe\u0142nomocnictwo<\/p>\n\n\n\n<div class=\"wp-block-file\"><a id=\"wp-block-file--media-bb93feb1-d55b-435a-b377-f6ba4c2add57\" href=\"https:\/\/hurtchem.com.pl\/wp-content\/uploads\/2025\/08\/CEIDG-PELNOMOCNICY.pdf\">CEIDG PE\u0141NOMOCNICY<\/a><a href=\"https:\/\/hurtchem.com.pl\/wp-content\/uploads\/2025\/08\/CEIDG-PELNOMOCNICY.pdf\" class=\"wp-block-file__button wp-element-button\" download aria-describedby=\"wp-block-file--media-bb93feb1-d55b-435a-b377-f6ba4c2add57\">Pobierz<\/a><\/div>\n\n\n\n<p><\/p>\n","protected":false},"excerpt":{"rendered":"<p>Szanowni Klienci! Hurt-Chem Hurtownia Odczynnik\u00f3w Chemicznych jest firm\u0105 rodzinn\u0105 z d\u0142ugoletni\u0105 tradycj\u0105. Firma powsta\u0142a w 1991 roku- pocz\u0105tkowo dzia\u0142a\u0142a jako sp\u00f3\u0142ka cywilna, by ostatecznie w 1995 roku przyj\u0105\u0107 dotychczas obowi\u0105zuj\u0105c\u0105 form\u0119 prawn\u0105- Hurt-Chem Hurtownia Odczynnik\u00f3w Chemicznych Piotr Bartocha. Nasza oferta by\u0142a ukierunkowana na rynek warszawski i wojew\u00f3dztwa mazowieckiego. Pocz\u0105tkowo oferowali\u015bmy odczynniki chemiczne i surowce chemiczne [&hellip;]<\/p>\n","protected":false},"author":1,"featured_media":0,"parent":0,"menu_order":0,"comment_status":"closed","ping_status":"closed","template":"","meta":{"footnotes":""},"class_list":["post-20","page","type-page","status-publish","hentry"],"_links":{"self":[{"href":"https:\/\/hurtchem.com.pl\/index.php\/wp-json\/wp\/v2\/pages\/20","targetHints":{"allow":["GET"]}}],"collection":[{"href":"https:\/\/hurtchem.com.pl\/index.php\/wp-json\/wp\/v2\/pages"}],"about":[{"href":"https:\/\/hurtchem.com.pl\/index.php\/wp-json\/wp\/v2\/types\/page"}],"author":[{"embeddable":true,"href":"https:\/\/hurtchem.com.pl\/index.php\/wp-json\/wp\/v2\/users\/1"}],"replies":[{"embeddable":true,"href":"https:\/\/hurtchem.com.pl\/index.php\/wp-json\/wp\/v2\/comments?post=20"}],"version-history":[{"count":7,"href":"https:\/\/hurtchem.com.pl\/index.php\/wp-json\/wp\/v2\/pages\/20\/revisions"}],"predecessor-version":[{"id":716,"href":"https:\/\/hurtchem.com.pl\/index.php\/wp-json\/wp\/v2\/pages\/20\/revisions\/716"}],"wp:attachment":[{"href":"https:\/\/hurtchem.com.pl\/index.php\/wp-json\/wp\/v2\/media?parent=20"}],"curies":[{"name":"wp","href":"https:\/\/api.w.org\/{rel}","templated":true}]}}