{"id":18,"date":"2021-08-09T11:31:40","date_gmt":"2021-08-09T09:31:40","guid":{"rendered":"https:\/\/hurtchem.com.pl\/wordpress\/wordpress\/?page_id=18"},"modified":"2021-08-23T10:51:58","modified_gmt":"2021-08-23T08:51:58","slug":"oferta","status":"publish","type":"page","link":"https:\/\/hurtchem.com.pl\/index.php\/oferta\/","title":{"rendered":"Oferta"},"content":{"rendered":"\n<p><\/p>\n\n\n\n<p><\/p>\n\n\n\n<p>Nasza oferta to przede wszystkim odczynniki chemiczne. Jeste\u015bmy licencjonowanym dystrybutorem najwi\u0119kszych i najlepszych producent\u00f3w \u015bwiatowych takich jak Merck z Sigm\u0105 Aldrich, Avantor, TCI, Honeywell, PCC Exol. Na \u017c\u0105danie klienta dostarczamy odczynniki innych znanych producent\u00f3w krajowych i zagranicznych takich jak Chepmur, VWR, Acros, Alfa, ABCR, Roth i wielu innych. Nie oferujemy produkt\u00f3w od firm, kt\u00f3re oferuj\u0105 towar niewiadomego pochodzenia lub niskiej jako\u015bci. W ofercie znajduj\u0105 si\u0119 wszystkie grupy odczynnik\u00f3w z wy\u0142\u0105czeniem substancji na obr\u00f3t kt\u00f3rych, potrzebna jest licencja, zezwolenie lub koncesja. Przy sta\u0142ej wsp\u00f3\u0142pracy gwarantujemy upusty cenowe od cen katalogowych na produkty od wszystkich wcze\u015bniej wymienionych producent\u00f3w. Przy zam\u00f3wieniach powy\u017cej 500,00z\u0142 oferujemy transport na koszt Hurtowni. <strong>Hurtownia nie oferuje zamiennik\u00f3w, a oferuje oryginalne produkty w rozs\u0105dnej cenie<\/strong>. Uzupe\u0142nieniem oferty odczynnikowej s\u0105 produkty niezb\u0119dne w ka\u017cdym laboratorium jak filtracja &#8211; firma Ahalstrom, szk\u0142o &#8211; firma Labo 24, drobny sprz\u0119t &#8211; firma VWR.<\/p>\n\n\n\n<p class=\"has-medium-font-size\"><br><strong>Zapraszamy do wsp\u00f3\u0142pracy<\/strong>!<\/p>\n\n\n\n<p><\/p>\n\n\n\n<p>Poni\u017cej prezentujemy list\u0119 ponad <strong>65 000<\/strong> pozycji dost\u0119pnych w naszej ofercie<\/p>\n\n\n\n<div data-wp-interactive=\"core\/file\" class=\"wp-block-file\"><object data-wp-bind--hidden=\"!state.hasPdfPreview\" hidden class=\"wp-block-file__embed\" data=\"https:\/\/hurtchem.com.pl\/wp-content\/uploads\/2021\/08\/KATALOG-PRODUKTOW.pdf\" type=\"application\/pdf\" style=\"width:100%;height:600px\" aria-label=\"Osadzone z Osadzony PDF.\"><\/object><a href=\"https:\/\/hurtchem.com.pl\/wp-content\/uploads\/2021\/08\/KATALOG-PRODUKTOW.pdf\" class=\"wp-block-file__button\" download>Pobierz<\/a><\/div>\n","protected":false},"excerpt":{"rendered":"<p>Nasza oferta to przede wszystkim odczynniki chemiczne. Jeste\u015bmy licencjonowanym dystrybutorem najwi\u0119kszych i najlepszych producent\u00f3w \u015bwiatowych takich jak Merck z Sigm\u0105 Aldrich, Avantor, TCI, Honeywell, PCC Exol. Na \u017c\u0105danie klienta dostarczamy odczynniki innych znanych producent\u00f3w krajowych i zagranicznych takich jak Chepmur, VWR, Acros, Alfa, ABCR, Roth i wielu innych. Nie oferujemy produkt\u00f3w od firm, kt\u00f3re oferuj\u0105 [&hellip;]<\/p>\n","protected":false},"author":1,"featured_media":0,"parent":0,"menu_order":0,"comment_status":"closed","ping_status":"closed","template":"","meta":{"footnotes":""},"class_list":["post-18","page","type-page","status-publish","hentry"],"_links":{"self":[{"href":"https:\/\/hurtchem.com.pl\/index.php\/wp-json\/wp\/v2\/pages\/18","targetHints":{"allow":["GET"]}}],"collection":[{"href":"https:\/\/hurtchem.com.pl\/index.php\/wp-json\/wp\/v2\/pages"}],"about":[{"href":"https:\/\/hurtchem.com.pl\/index.php\/wp-json\/wp\/v2\/types\/page"}],"author":[{"embeddable":true,"href":"https:\/\/hurtchem.com.pl\/index.php\/wp-json\/wp\/v2\/users\/1"}],"replies":[{"embeddable":true,"href":"https:\/\/hurtchem.com.pl\/index.php\/wp-json\/wp\/v2\/comments?post=18"}],"version-history":[{"count":8,"href":"https:\/\/hurtchem.com.pl\/index.php\/wp-json\/wp\/v2\/pages\/18\/revisions"}],"predecessor-version":[{"id":586,"href":"https:\/\/hurtchem.com.pl\/index.php\/wp-json\/wp\/v2\/pages\/18\/revisions\/586"}],"wp:attachment":[{"href":"https:\/\/hurtchem.com.pl\/index.php\/wp-json\/wp\/v2\/media?parent=18"}],"curies":[{"name":"wp","href":"https:\/\/api.w.org\/{rel}","templated":true}]}}