{"id":138,"date":"2021-08-09T14:01:54","date_gmt":"2021-08-09T12:01:54","guid":{"rendered":"https:\/\/hurtchem.com.pl\/wordpress\/wordpress\/index.php\/certyfikaty-jakosci\/"},"modified":"2021-10-06T13:10:01","modified_gmt":"2021-10-06T11:10:01","slug":"certyfikaty-jakosci","status":"publish","type":"page","link":"https:\/\/hurtchem.com.pl\/index.php\/certyfikaty-jakosci\/","title":{"rendered":"Certyfikaty i MSDS"},"content":{"rendered":"\n<p><\/p>\n\n\n\n<h5 class=\"has-text-color wp-block-heading\" style=\"color:#ff6c03;font-size:30px\">Certyfikaty i MSDS<\/h5>\n\n\n\n<p><\/p>\n\n\n\n<h5 class=\"has-black-color has-text-color wp-block-heading\"><strong>W celu pobrania certyfikat\u00f3w jako\u015bci zakupionych u nas produkt\u00f3w, prosimy o przygotowanie nr katalogowego oraz nr serii produktu oraz wyb\u00f3r odpowiedniego producenta:<\/strong><\/h5>\n\n\n\n<p><br>&nbsp; &nbsp;WYBIERZ&nbsp;PRODUCENTA&nbsp;<\/p>\n\n\n\n<hr class=\"wp-block-separator\"\/>\n\n\n\n<figure class=\"wp-block-image size-large is-resized\"><img loading=\"lazy\" decoding=\"async\" src=\"https:\/\/hurtchem.com.pl\/wp-content\/uploads\/2021\/08\/avantor-logo-1024x130.png\" alt=\"\" width=\"624\" height=\"80\"\/><\/figure>\n\n\n\n<div class=\"wp-block-columns is-layout-flex wp-container-core-columns-is-layout-9d6595d7 wp-block-columns-is-layout-flex\">\n<div class=\"wp-block-column is-layout-flow wp-block-column-is-layout-flow\">\n<h2 class=\"has-normal-font-size wp-block-heading\"><a href=\"http:\/\/www.poch.com.pl\/1\/atesty-jakosciowe,0,0\" data-type=\"URL\" data-id=\"http:\/\/www.poch.com.pl\/1\/atesty-jakosciowe,0,0\" target=\"_blank\" rel=\"noreferrer noopener\">CERTYFIKATY<\/a><\/h2>\n<\/div>\n\n\n\n<div class=\"wp-block-column is-layout-flow wp-block-column-is-layout-flow\">\n<h2 class=\"has-normal-font-size wp-block-heading\"><a href=\"http:\/\/www.poch.com.pl\/1\/karty-charakterystyk,0,0\" data-type=\"URL\" data-id=\"http:\/\/www.poch.com.pl\/1\/karty-charakterystyk,0,0\" target=\"_blank\" rel=\"noreferrer noopener\">MSDS<\/a><\/h2>\n<\/div>\n<\/div>\n\n\n\n<hr class=\"wp-block-separator\"\/>\n\n\n\n<figure class=\"wp-block-image size-large is-resized\"><img loading=\"lazy\" decoding=\"async\" src=\"https:\/\/hurtchem.com.pl\/wp-content\/uploads\/2021\/08\/11127HIGH_MERCKLOGOBLUERGB-PROIMG-1024x185.jpg\" alt=\"\" width=\"624\" height=\"113\"\/><\/figure>\n\n\n\n<div class=\"wp-block-columns is-layout-flex wp-container-core-columns-is-layout-9d6595d7 wp-block-columns-is-layout-flex\">\n<div class=\"wp-block-column is-layout-flow wp-block-column-is-layout-flow\">\n<h2 class=\"has-normal-font-size wp-block-heading\"><a href=\"https:\/\/www.merckmillipore.com\/PL\/pl\/documents\/Z.qb.qB.tecAAAFDDJUsznLq,nav#s_mbqBTWQAAAFKyVsIik_d\" data-type=\"URL\" data-id=\"https:\/\/www.merckmillipore.com\/PL\/pl\/documents\/Z.qb.qB.tecAAAFDDJUsznLq,nav#s_mbqBTWQAAAFKyVsIik_d\" target=\"_blank\" rel=\"noreferrer noopener\">CERTYFIKATY<\/a><\/h2>\n<\/div>\n\n\n\n<div class=\"wp-block-column is-layout-flow wp-block-column-is-layout-flow\">\n<h2 class=\"has-normal-font-size wp-block-heading\"> <a href=\"https:\/\/www.merckmillipore.com\/PL\/pl\/documents\/Z.qb.qB.tecAAAFDDJUsznLq,nav\" data-type=\"URL\" data-id=\"https:\/\/www.merckmillipore.com\/PL\/pl\/documents\/Z.qb.qB.tecAAAFDDJUsznLq,nav\" target=\"_blank\" rel=\"noreferrer noopener\">MSDS<\/a> <\/h2>\n<\/div>\n<\/div>\n\n\n\n<hr class=\"wp-block-separator\"\/>\n\n\n\n<figure class=\"wp-block-image size-large is-resized\"><img loading=\"lazy\" decoding=\"async\" src=\"https:\/\/hurtchem.com.pl\/wp-content\/uploads\/2021\/08\/sigma.png\" alt=\"\" width=\"619\" height=\"107\"\/><\/figure>\n\n\n\n<div class=\"wp-block-columns is-layout-flex wp-container-core-columns-is-layout-9d6595d7 wp-block-columns-is-layout-flex\">\n<div class=\"wp-block-column is-layout-flow wp-block-column-is-layout-flow\">\n<h2 class=\"has-normal-font-size wp-block-heading\"> <a href=\"https:\/\/www.sigmaaldrich.com\/PL\/pl\/search\" data-type=\"URL\" data-id=\"https:\/\/www.sigmaaldrich.com\/PL\/pl\/search\" target=\"_blank\" rel=\"noreferrer noopener\">CERTYFIKATY<\/a> <\/h2>\n<\/div>\n\n\n\n<div class=\"wp-block-column is-layout-flow wp-block-column-is-layout-flow\">\n<h2 class=\"has-normal-font-size wp-block-heading\"> <a rel=\"noreferrer noopener\" href=\"https:\/\/www.sigmaaldrich.com\/PL\/pl\/search\" data-type=\"URL\" data-id=\"https:\/\/www.sigmaaldrich.com\/PL\/pl\/search\" target=\"_blank\">MSDS<\/a><\/h2>\n<\/div>\n<\/div>\n\n\n\n<hr class=\"wp-block-separator\"\/>\n\n\n\n<figure class=\"wp-block-image size-large is-resized\"><img loading=\"lazy\" decoding=\"async\" src=\"https:\/\/hurtchem.com.pl\/wp-content\/uploads\/2021\/08\/tci-1024x176.jpg\" alt=\"\" width=\"611\" height=\"106\"\/><\/figure>\n\n\n\n<div class=\"wp-block-columns is-layout-flex wp-container-core-columns-is-layout-9d6595d7 wp-block-columns-is-layout-flex\">\n<div class=\"wp-block-column is-layout-flow wp-block-column-is-layout-flow\">\n<h2 class=\"has-normal-font-size wp-block-heading\"> <a rel=\"noreferrer noopener\" href=\"https:\/\/www.tcichemicals.com\/BE\/en\/documentSearch\" data-type=\"URL\" data-id=\"https:\/\/www.tcichemicals.com\/BE\/en\/documentSearch\" target=\"_blank\">CERTYFIKATY<\/a><\/h2>\n<\/div>\n\n\n\n<div class=\"wp-block-column is-layout-flow wp-block-column-is-layout-flow\">\n<h2 class=\"has-normal-font-size wp-block-heading\"> <a href=\"https:\/\/www.tcichemicals.com\/BE\/en\/documentSearch\" data-type=\"URL\" data-id=\"https:\/\/www.tcichemicals.com\/BE\/en\/documentSearch\" target=\"_blank\" rel=\"noreferrer noopener\">MSDS<\/a><\/h2>\n<\/div>\n<\/div>\n\n\n\n<hr class=\"wp-block-separator\"\/>\n\n\n\n<figure class=\"wp-block-image size-full is-resized\"><img loading=\"lazy\" decoding=\"async\" src=\"https:\/\/hurtchem.com.pl\/wp-content\/uploads\/2021\/08\/honeywell.png\" alt=\"\" class=\"wp-image-249\" width=\"621\" height=\"110\" srcset=\"https:\/\/hurtchem.com.pl\/wp-content\/uploads\/2021\/08\/honeywell.png 534w, https:\/\/hurtchem.com.pl\/wp-content\/uploads\/2021\/08\/honeywell-300x53.png 300w\" sizes=\"auto, (max-width: 621px) 100vw, 621px\" \/><\/figure>\n\n\n\n<div class=\"wp-block-columns is-layout-flex wp-container-core-columns-is-layout-9d6595d7 wp-block-columns-is-layout-flex\">\n<div class=\"wp-block-column is-layout-flow wp-block-column-is-layout-flow\">\n<h2 class=\"has-normal-font-size wp-block-heading\"> <a rel=\"noreferrer noopener\" href=\"https:\/\/lab.honeywell.com\/en\/coa\" data-type=\"URL\" data-id=\"https:\/\/lab.honeywell.com\/en\/coa\" target=\"_blank\">CERTYFIKATY<\/a><\/h2>\n<\/div>\n\n\n\n<div class=\"wp-block-column is-layout-flow wp-block-column-is-layout-flow\">\n<h2 class=\"has-normal-font-size wp-block-heading\"> <a rel=\"noreferrer noopener\" href=\"https:\/\/lab.honeywell.com\/en\/sds\" data-type=\"URL\" data-id=\"https:\/\/lab.honeywell.com\/en\/sds\" target=\"_blank\">MSDS <\/a><\/h2>\n<\/div>\n<\/div>\n\n\n\n<hr class=\"wp-block-separator\"\/>\n\n\n\n<figure class=\"wp-block-image size-large is-resized\"><img loading=\"lazy\" decoding=\"async\" src=\"https:\/\/hurtchem.com.pl\/wp-content\/uploads\/2021\/08\/AO_Logo_880x240.png\" alt=\"\" width=\"630\" height=\"173\"\/><\/figure>\n\n\n\n<div class=\"wp-block-columns is-layout-flex wp-container-core-columns-is-layout-9d6595d7 wp-block-columns-is-layout-flex\">\n<div class=\"wp-block-column is-layout-flow wp-block-column-is-layout-flow\">\n<h2 class=\"has-normal-font-size wp-block-heading\"> <a href=\"https:\/\/www.acros.com\/portal\/alias__Rainbow\/lang__en\/tabID__43\/DesktopDefault.aspx\" data-type=\"URL\" data-id=\"https:\/\/www.acros.com\/portal\/alias__Rainbow\/lang__en\/tabID__43\/DesktopDefault.aspx\" target=\"_blank\" rel=\"noreferrer noopener\">CERTYFIKATY<\/a> <\/h2>\n\n\n\n<p><\/p>\n<\/div>\n\n\n\n<div class=\"wp-block-column is-layout-flow wp-block-column-is-layout-flow\">\n<h2 class=\"has-normal-font-size wp-block-heading\"> <a href=\"https:\/\/www.acros.com\/portal\/alias__Rainbow\/lang__en\/tabID__41\/DesktopDefault.aspx\" data-type=\"URL\" data-id=\"https:\/\/www.acros.com\/portal\/alias__Rainbow\/lang__en\/tabID__41\/DesktopDefault.aspx\" target=\"_blank\" rel=\"noreferrer noopener\">MSDS<\/a> <\/h2>\n\n\n\n<p><\/p>\n<\/div>\n<\/div>\n\n\n\n<hr class=\"wp-block-separator\"\/>\n\n\n\n<figure class=\"wp-block-image size-large is-resized\"><img loading=\"lazy\" decoding=\"async\" src=\"https:\/\/hurtchem.com.pl\/wp-content\/uploads\/2021\/08\/logo_ROTH.png\" alt=\"\" width=\"161\" height=\"134\"\/><\/figure>\n\n\n\n<div class=\"wp-block-columns is-layout-flex wp-container-core-columns-is-layout-9d6595d7 wp-block-columns-is-layout-flex\">\n<div class=\"wp-block-column is-layout-flow wp-block-column-is-layout-flow\">\n<h2 class=\"has-normal-font-size wp-block-heading\"> <a href=\"https:\/\/www.carlroth.com\/en\/en\/CoA-SDB-Spezifikationen\" data-type=\"URL\" data-id=\"https:\/\/www.carlroth.com\/en\/en\/CoA-SDB-Spezifikationen\" target=\"_blank\" rel=\"noreferrer noopener\">CERTYFIKATY<\/a> <\/h2>\n<\/div>\n\n\n\n<div class=\"wp-block-column is-layout-flow wp-block-column-is-layout-flow\">\n<h2 class=\"has-normal-font-size wp-block-heading\"> <a href=\"https:\/\/www.carlroth.com\/en\/en\/CoA-SDB-Spezifikationen\" data-type=\"URL\" data-id=\"https:\/\/www.carlroth.com\/en\/en\/CoA-SDB-Spezifikationen\" target=\"_blank\" rel=\"noreferrer noopener\">MSDS<\/a><\/h2>\n<\/div>\n<\/div>\n\n\n\n<hr class=\"wp-block-separator\"\/>\n\n\n\n<figure class=\"wp-block-image size-large is-resized\"><img loading=\"lazy\" decoding=\"async\" src=\"https:\/\/hurtchem.com.pl\/wp-content\/uploads\/2021\/08\/chempur-e1628665184193.jpg\" alt=\"\" width=\"405\" height=\"89\"\/><\/figure>\n\n\n\n<div class=\"wp-block-columns is-layout-flex wp-container-core-columns-is-layout-9d6595d7 wp-block-columns-is-layout-flex\">\n<div class=\"wp-block-column is-layout-flow wp-block-column-is-layout-flow\">\n<h2 class=\"wp-block-heading\"> <\/h2>\n<\/div>\n\n\n\n<div class=\"wp-block-column is-layout-flow wp-block-column-is-layout-flow\">\n<h2 class=\"has-normal-font-size wp-block-heading\"> <a href=\"http:\/\/chempur.pl\/katalog\/karty-charakterystyk\/\" data-type=\"URL\" data-id=\"http:\/\/chempur.pl\/katalog\/karty-charakterystyk\/\" target=\"_blank\" rel=\"noreferrer noopener\">MSDS<\/a><\/h2>\n\n\n\n<p><\/p>\n<\/div>\n<\/div>\n\n\n\n<hr class=\"wp-block-separator\"\/>\n\n\n\n<figure class=\"wp-block-image size-large is-resized\"><img loading=\"lazy\" decoding=\"async\" src=\"https:\/\/hurtchem.com.pl\/wp-content\/uploads\/2021\/08\/pobrane.png\" alt=\"\" width=\"256\" height=\"134\"\/><\/figure>\n\n\n\n<div class=\"wp-block-columns is-layout-flex wp-container-core-columns-is-layout-9d6595d7 wp-block-columns-is-layout-flex\">\n<div class=\"wp-block-column is-layout-flow wp-block-column-is-layout-flow\">\n<h2 class=\"has-normal-font-size wp-block-heading\"> <a href=\"https:\/\/pl.vwr.com\/store\/search\/searchCerts.jsp\" data-type=\"URL\" data-id=\"https:\/\/pl.vwr.com\/store\/search\/searchCerts.jsp\" target=\"_blank\" rel=\"noreferrer noopener\">CERTYFIKATY<\/a><\/h2>\n<\/div>\n\n\n\n<div class=\"wp-block-column is-layout-flow wp-block-column-is-layout-flow\">\n<h2 class=\"has-normal-font-size wp-block-heading\"> <a href=\"https:\/\/pl.vwr.com\/store\/search\/searchMSDS.jsp\" data-type=\"URL\" data-id=\"https:\/\/pl.vwr.com\/store\/search\/searchMSDS.jsp\" target=\"_blank\" rel=\"noreferrer noopener\">MSDS<\/a> <\/h2>\n<\/div>\n<\/div>\n\n\n\n<hr class=\"wp-block-separator\"\/>\n\n\n\n<figure class=\"wp-block-image size-large is-resized\"><img loading=\"lazy\" decoding=\"async\" src=\"https:\/\/hurtchem.com.pl\/wp-content\/uploads\/2021\/08\/pobrane-1.png\" alt=\"\" width=\"388\" height=\"108\"\/><\/figure>\n\n\n\n<div class=\"wp-block-columns is-layout-flex wp-container-core-columns-is-layout-9d6595d7 wp-block-columns-is-layout-flex\">\n<div class=\"wp-block-column is-layout-flow wp-block-column-is-layout-flow\">\n<h2 class=\"has-normal-font-size wp-block-heading\"> <a href=\"https:\/\/www.fishersci.co.uk\/gb\/en\/catalog\/search\/productcertsearch.html\" data-type=\"URL\" data-id=\"https:\/\/www.fishersci.co.uk\/gb\/en\/catalog\/search\/productcertsearch.html\" target=\"_blank\" rel=\"noreferrer noopener\">CERTYFIKATY<\/a><\/h2>\n\n\n\n<p><\/p>\n<\/div>\n\n\n\n<div class=\"wp-block-column is-layout-flow wp-block-column-is-layout-flow\">\n<h2 class=\"has-normal-font-size wp-block-heading\"> <a href=\"https:\/\/www.fishersci.co.uk\/gb\/en\/catalog\/search\/productcertsearch.html\" data-type=\"URL\" data-id=\"https:\/\/www.fishersci.co.uk\/gb\/en\/catalog\/search\/productcertsearch.html\" target=\"_blank\" rel=\"noreferrer noopener\">MSDS<\/a> <\/h2>\n<\/div>\n<\/div>\n\n\n\n<hr class=\"wp-block-separator\"\/>\n\n\n\n<figure class=\"wp-block-image size-large is-resized\"><img loading=\"lazy\" decoding=\"async\" src=\"https:\/\/hurtchem.com.pl\/wp-content\/uploads\/2021\/08\/th.unnamed-91818-1.png\" alt=\"\" width=\"295\" height=\"126\"\/><\/figure>\n\n\n\n<div class=\"wp-block-columns is-layout-flex wp-container-core-columns-is-layout-9d6595d7 wp-block-columns-is-layout-flex\">\n<div class=\"wp-block-column is-layout-flow wp-block-column-is-layout-flow\">\n<h2 class=\"wp-block-heading\"><\/h2>\n<\/div>\n\n\n\n<div class=\"wp-block-column is-layout-flow wp-block-column-is-layout-flow\">\n<h2 class=\"has-normal-font-size wp-block-heading\"><a href=\"https:\/\/www.products.pcc.eu\/pl\/katalog-produktow\/\" data-type=\"URL\" data-id=\"https:\/\/www.products.pcc.eu\/pl\/katalog-produktow\/\" target=\"_blank\" rel=\"noreferrer noopener\">MSDS<\/a><\/h2>\n<\/div>\n<\/div>\n\n\n\n<hr class=\"wp-block-separator\"\/>\n\n\n\n<figure class=\"wp-block-image size-large is-resized\"><img loading=\"lazy\" decoding=\"async\" src=\"https:\/\/hurtchem.com.pl\/wp-content\/uploads\/2021\/08\/hach.png\" alt=\"\" width=\"198\" height=\"133\"\/><\/figure>\n\n\n\n<div class=\"wp-block-columns is-layout-flex wp-container-core-columns-is-layout-9d6595d7 wp-block-columns-is-layout-flex\">\n<div class=\"wp-block-column is-layout-flow wp-block-column-is-layout-flow\">\n<h2 class=\"wp-block-heading\"><\/h2>\n<\/div>\n\n\n\n<div class=\"wp-block-column is-layout-flow wp-block-column-is-layout-flow\">\n<h2 class=\"has-normal-font-size wp-block-heading\"><a href=\"https:\/\/pl.hach.com\/safety-data-sheet\" data-type=\"URL\" data-id=\"https:\/\/pl.hach.com\/safety-data-sheet\" target=\"_blank\" rel=\"noreferrer noopener\">MSDS<\/a><\/h2>\n\n\n\n<p><\/p>\n<\/div>\n<\/div>\n\n\n\n<hr class=\"wp-block-separator\"\/>\n\n\n\n<p class=\"has-text-color\" style=\"color:#ff6c03;font-size:30px\"><\/p>\n","protected":false},"excerpt":{"rendered":"<p>Certyfikaty i MSDS W celu pobrania certyfikat\u00f3w jako\u015bci zakupionych u nas produkt\u00f3w, prosimy o przygotowanie nr katalogowego oraz nr serii produktu oraz wyb\u00f3r odpowiedniego producenta: &nbsp; &nbsp;WYBIERZ&nbsp;PRODUCENTA&nbsp; CERTYFIKATY MSDS CERTYFIKATY MSDS CERTYFIKATY MSDS CERTYFIKATY MSDS CERTYFIKATY MSDS CERTYFIKATY MSDS CERTYFIKATY MSDS MSDS CERTYFIKATY MSDS CERTYFIKATY MSDS MSDS MSDS<\/p>\n","protected":false},"author":1,"featured_media":0,"parent":0,"menu_order":0,"comment_status":"closed","ping_status":"closed","template":"","meta":{"footnotes":""},"class_list":["post-138","page","type-page","status-publish","hentry"],"_links":{"self":[{"href":"https:\/\/hurtchem.com.pl\/index.php\/wp-json\/wp\/v2\/pages\/138","targetHints":{"allow":["GET"]}}],"collection":[{"href":"https:\/\/hurtchem.com.pl\/index.php\/wp-json\/wp\/v2\/pages"}],"about":[{"href":"https:\/\/hurtchem.com.pl\/index.php\/wp-json\/wp\/v2\/types\/page"}],"author":[{"embeddable":true,"href":"https:\/\/hurtchem.com.pl\/index.php\/wp-json\/wp\/v2\/users\/1"}],"replies":[{"embeddable":true,"href":"https:\/\/hurtchem.com.pl\/index.php\/wp-json\/wp\/v2\/comments?post=138"}],"version-history":[{"count":58,"href":"https:\/\/hurtchem.com.pl\/index.php\/wp-json\/wp\/v2\/pages\/138\/revisions"}],"predecessor-version":[{"id":653,"href":"https:\/\/hurtchem.com.pl\/index.php\/wp-json\/wp\/v2\/pages\/138\/revisions\/653"}],"wp:attachment":[{"href":"https:\/\/hurtchem.com.pl\/index.php\/wp-json\/wp\/v2\/media?parent=138"}],"curies":[{"name":"wp","href":"https:\/\/api.w.org\/{rel}","templated":true}]}}