{"id":134,"date":"2021-08-09T14:01:54","date_gmt":"2021-08-09T12:01:54","guid":{"rendered":"https:\/\/hurtchem.com.pl\/wordpress\/wordpress\/index.php\/mikrobiologia\/"},"modified":"2021-08-17T08:26:58","modified_gmt":"2021-08-17T06:26:58","slug":"mikrobiologia","status":"publish","type":"page","link":"https:\/\/hurtchem.com.pl\/index.php\/mikrobiologia\/","title":{"rendered":"Mikrobiologia"},"content":{"rendered":"\n<p><\/p>\n\n\n\n<p><\/p>\n\n\n\n<ul class=\"wp-block-list\"><li>Po\u017cywki mikrobiologiczne sypkie, w butelkach oraz na p\u0142ytkach<\/li><li>Szalki Petriego<\/li><li>Pojemniki na pr\u00f3bki<\/li><li>Mocz\u00f3wki<\/li><li>Drobny sprz\u0119t jednorazowego u\u017cytku<\/li><\/ul>\n\n\n\n<h2 class=\"wp-block-heading\">NASI PARTNERZY<\/h2>\n\n\n\n<h2 class=\"wp-block-heading\"><img loading=\"lazy\" decoding=\"async\" src=\"http:\/\/hurtchem.com.pl\/images\/HURTCHEM\/producenci\/biocorp.jpg\" alt=\"\" width=\"150\" height=\"118\"><img loading=\"lazy\" decoding=\"async\" src=\"http:\/\/hurtchem.com.pl\/images\/HURTCHEM\/producenci\/biomed_lublin.jpg\" alt=\"\" width=\"150\" height=\"118\"><img loading=\"lazy\" decoding=\"async\" src=\"http:\/\/hurtchem.com.pl\/images\/HURTCHEM\/producenci\/browne.jpg\" alt=\"\" width=\"150\" height=\"118\"><img loading=\"lazy\" decoding=\"async\" src=\"http:\/\/hurtchem.com.pl\/images\/HURTCHEM\/producenci\/btl.jpg\" alt=\"\" width=\"150\" height=\"118\"><img loading=\"lazy\" decoding=\"async\" src=\"http:\/\/hurtchem.com.pl\/images\/HURTCHEM\/producenci\/margomed.jpg\" alt=\"\" width=\"150\" height=\"118\"><img loading=\"lazy\" decoding=\"async\" src=\"http:\/\/hurtchem.com.pl\/images\/HURTCHEM\/producenci\/merck_millipropone.jpg\" alt=\"\" width=\"150\" height=\"118\"><img loading=\"lazy\" decoding=\"async\" src=\"http:\/\/hurtchem.com.pl\/images\/HURTCHEM\/producenci\/oxoid.jpg\" alt=\"\" width=\"150\" height=\"118\"><img loading=\"lazy\" decoding=\"async\" src=\"http:\/\/hurtchem.com.pl\/images\/HURTCHEM\/producenci\/sterbios.jpg\" alt=\"\" width=\"150\" height=\"118\"><\/h2>\n","protected":false},"excerpt":{"rendered":"<p>Po\u017cywki mikrobiologiczne sypkie, w butelkach oraz na p\u0142ytkach Szalki Petriego Pojemniki na pr\u00f3bki Mocz\u00f3wki Drobny sprz\u0119t jednorazowego u\u017cytku NASI PARTNERZY<\/p>\n","protected":false},"author":1,"featured_media":0,"parent":0,"menu_order":0,"comment_status":"closed","ping_status":"closed","template":"","meta":{"footnotes":""},"class_list":["post-134","page","type-page","status-publish","hentry"],"_links":{"self":[{"href":"https:\/\/hurtchem.com.pl\/index.php\/wp-json\/wp\/v2\/pages\/134","targetHints":{"allow":["GET"]}}],"collection":[{"href":"https:\/\/hurtchem.com.pl\/index.php\/wp-json\/wp\/v2\/pages"}],"about":[{"href":"https:\/\/hurtchem.com.pl\/index.php\/wp-json\/wp\/v2\/types\/page"}],"author":[{"embeddable":true,"href":"https:\/\/hurtchem.com.pl\/index.php\/wp-json\/wp\/v2\/users\/1"}],"replies":[{"embeddable":true,"href":"https:\/\/hurtchem.com.pl\/index.php\/wp-json\/wp\/v2\/comments?post=134"}],"version-history":[{"count":4,"href":"https:\/\/hurtchem.com.pl\/index.php\/wp-json\/wp\/v2\/pages\/134\/revisions"}],"predecessor-version":[{"id":415,"href":"https:\/\/hurtchem.com.pl\/index.php\/wp-json\/wp\/v2\/pages\/134\/revisions\/415"}],"wp:attachment":[{"href":"https:\/\/hurtchem.com.pl\/index.php\/wp-json\/wp\/v2\/media?parent=134"}],"curies":[{"name":"wp","href":"https:\/\/api.w.org\/{rel}","templated":true}]}}