{"id":133,"date":"2021-08-09T14:01:54","date_gmt":"2021-08-09T12:01:54","guid":{"rendered":"https:\/\/hurtchem.com.pl\/wordpress\/wordpress\/index.php\/materialy-filtracyjne\/"},"modified":"2021-08-17T08:26:49","modified_gmt":"2021-08-17T06:26:49","slug":"materialy-filtracyjne","status":"publish","type":"page","link":"https:\/\/hurtchem.com.pl\/index.php\/materialy-filtracyjne\/","title":{"rendered":"Materia\u0142y filtracyjne"},"content":{"rendered":"\n<p class=\"has-luminous-vivid-orange-color has-text-color\"><strong><strong>Materia\u0142y filtracyjne do wielu zastosowa\u0144<\/strong> <\/strong> <\/p>\n\n\n\n<h2 class=\"wp-block-heading\"><\/h2>\n\n\n\n<p>Filtracja jest jedn\u0105 z popularnych metod wykorzystywanych w laboratoriach chemicznych, maj\u0105cych na celu oddzielanie substancji sta\u0142ych w zawiesinach, cieczach i gazach. Skuteczno\u015b\u0107 tego procesu wymaga stosowania wymiennych materia\u0142\u00f3w filtracyjnych, kt\u00f3re znajdziesz w naszej hurtowni.<\/p>\n\n\n\n<p><\/p>\n\n\n\n<p>Zajmujesz si\u0119 zaopatrzeniem laboratorium w odpowiednie akcesoria, odczynniki i sprz\u0119t? W naszym asortymencie znajdziesz materia\u0142y filtracyjne o szerokim spektrum, przeznaczone do stosowania w r\u00f3\u017cnych urz\u0105dzeniach specjalistycznych oraz do filtracji r\u0119cznej. Oferujemy Ci miedzy innymi:<\/p>\n\n\n\n<p>\u2022 bibu\u0142y filtracyjne do analiz jako\u015bciowych i ilo\u015bciowych,<br>\u2022 s\u0105czki z mikrow\u0142\u00f3kien szklanych i kwarcowych,<br>\u2022 gilzy celulozowe, szklane i kwarcowe,<br>\u2022 bibu\u0142y i s\u0105czki filtracyjne dedykowane specjalnym zastosowaniom,<br>\u2022 testy paskowe,<br>\u2022 papierki wska\u017anikowe,<br>\u2022 filtry membranowe,<br>\u2022 filtry strzykawkowe.<\/p>\n\n\n\n<p>Wszystkie nasze produkty pochodz\u0105 od znanych i cenionych wytw\u00f3rc\u00f3w, w\u015br\u00f3d kt\u00f3rych znalaz\u0142y si\u0119 takie marki jak Whatman, Sartorius, Munktel czy Filtres Fioroni.<\/p>\n\n\n\n<p><strong>Szerokie spektrum produkt\u00f3w<\/strong><\/p>\n\n\n\n<p>Materia\u0142y filtracyjne, jakie znajdziesz w naszej ofercie wyr\u00f3\u017cniaj\u0105 si\u0119 szerokim spektrum zastosowa\u0144. Proponujemy Ci bibu\u0142y i s\u0105czki filtracyjne o r\u00f3\u017cnym stopniu twardo\u015bci, okr\u0105g\u0142e, sk\u0142adane, krepowane i wyt\u0142aczane pozwalaj\u0105ce na filtrowanie substancji r\u00f3\u017cnej ziarnisto\u015bci i sk\u0142adzie chemicznym, a tak\u017ce o rozmaitym tempie przes\u0105czania, od bardzo wolnego do szybkiego.<\/p>\n\n\n\n<p>Nasze s\u0105czki i bibu\u0142y filtracyjne, gilzy i filtry mog\u0105 by\u0107 wykorzystywane w rozmaitych laboratoriach prowadz\u0105cych badania chemiczne gleby, powietrza, badania medyczne, w laboratoriach przemys\u0142owych, browarnictwie i w wielu innych.<\/p>\n\n\n\n<p>Zadzwo\u0144 do nas i dowiedz si\u0119 wi\u0119cej o naszym asortymencie!<\/p>\n\n\n\n<h2 class=\"wp-block-heading\">\u00a0 \u00a0NASI PARTNERZY<\/h2>\n\n\n\n<h2 class=\"wp-block-heading\"><img loading=\"lazy\" decoding=\"async\" src=\"http:\/\/hurtchem.com.pl\/images\/HURTCHEM\/producenci\/filtres_fioroni.jpg\" alt=\"\" width=\"150\" height=\"118\"><img loading=\"lazy\" decoding=\"async\" src=\"http:\/\/hurtchem.com.pl\/images\/HURTCHEM\/producenci\/munktell_ahlstrom.jpg\" alt=\"\" width=\"150\" height=\"118\"><img loading=\"lazy\" decoding=\"async\" src=\"http:\/\/hurtchem.com.pl\/images\/HURTCHEM\/producenci\/macherey_nagel.jpg\" alt=\"\" width=\"150\" height=\"118\"><img loading=\"lazy\" decoding=\"async\" src=\"http:\/\/hurtchem.com.pl\/images\/HURTCHEM\/producenci\/sartorius.jpg\" alt=\"\" width=\"150\" height=\"118\"><\/h2>\n","protected":false},"excerpt":{"rendered":"<p>Materia\u0142y filtracyjne do wielu zastosowa\u0144 Filtracja jest jedn\u0105 z popularnych metod wykorzystywanych w laboratoriach chemicznych, maj\u0105cych na celu oddzielanie substancji sta\u0142ych w zawiesinach, cieczach i gazach. Skuteczno\u015b\u0107 tego procesu wymaga stosowania wymiennych materia\u0142\u00f3w filtracyjnych, kt\u00f3re znajdziesz w naszej hurtowni. Zajmujesz si\u0119 zaopatrzeniem laboratorium w odpowiednie akcesoria, odczynniki i sprz\u0119t? W naszym asortymencie znajdziesz materia\u0142y filtracyjne [&hellip;]<\/p>\n","protected":false},"author":1,"featured_media":0,"parent":0,"menu_order":0,"comment_status":"closed","ping_status":"closed","template":"","meta":{"footnotes":""},"class_list":["post-133","page","type-page","status-publish","hentry"],"_links":{"self":[{"href":"https:\/\/hurtchem.com.pl\/index.php\/wp-json\/wp\/v2\/pages\/133","targetHints":{"allow":["GET"]}}],"collection":[{"href":"https:\/\/hurtchem.com.pl\/index.php\/wp-json\/wp\/v2\/pages"}],"about":[{"href":"https:\/\/hurtchem.com.pl\/index.php\/wp-json\/wp\/v2\/types\/page"}],"author":[{"embeddable":true,"href":"https:\/\/hurtchem.com.pl\/index.php\/wp-json\/wp\/v2\/users\/1"}],"replies":[{"embeddable":true,"href":"https:\/\/hurtchem.com.pl\/index.php\/wp-json\/wp\/v2\/comments?post=133"}],"version-history":[{"count":5,"href":"https:\/\/hurtchem.com.pl\/index.php\/wp-json\/wp\/v2\/pages\/133\/revisions"}],"predecessor-version":[{"id":414,"href":"https:\/\/hurtchem.com.pl\/index.php\/wp-json\/wp\/v2\/pages\/133\/revisions\/414"}],"wp:attachment":[{"href":"https:\/\/hurtchem.com.pl\/index.php\/wp-json\/wp\/v2\/media?parent=133"}],"curies":[{"name":"wp","href":"https:\/\/api.w.org\/{rel}","templated":true}]}}