{"id":132,"date":"2021-08-09T14:01:54","date_gmt":"2021-08-09T12:01:54","guid":{"rendered":"https:\/\/hurtchem.com.pl\/wordpress\/wordpress\/index.php\/surfaktanty\/"},"modified":"2021-08-23T14:47:48","modified_gmt":"2021-08-23T12:47:48","slug":"surfaktanty","status":"publish","type":"page","link":"https:\/\/hurtchem.com.pl\/index.php\/surfaktanty\/","title":{"rendered":"Surfaktanty"},"content":{"rendered":"\n<div class=\"wp-block-image\"><figure class=\"aligncenter size-full is-resized\"><img loading=\"lazy\" decoding=\"async\" src=\"https:\/\/hurtchem.com.pl\/wp-content\/uploads\/2021\/08\/th.unnamed-91818-1.png\" alt=\"\" class=\"wp-image-245\" width=\"358\" height=\"153\" srcset=\"https:\/\/hurtchem.com.pl\/wp-content\/uploads\/2021\/08\/th.unnamed-91818-1.png 512w, https:\/\/hurtchem.com.pl\/wp-content\/uploads\/2021\/08\/th.unnamed-91818-1-300x128.png 300w\" sizes=\"auto, (max-width: 358px) 100vw, 358px\" \/><\/figure><\/div>\n\n\n\n<h4 class=\"has-luminous-vivid-orange-color has-text-color wp-block-heading\">Zwi\u0105zki powierzchniowo czynne anionowe, niejonowe i amfoteryczne takie jak:&nbsp;<\/h4>\n\n\n\n<p>Produkty chemiczne wykorzystywane w laboratoriach to mi\u0119dzy innymi grupa substancji okre\u015blanych jako \u015brodki powierzchniowo czynne, nazywanych r\u00f3wnie\u017c surfaktantami lub tenzydami. Nasza hurtownia oferuje wiele tego typu produkt\u00f3w dedykowanych wszystkim rodzajom laboratori\u00f3w.<\/p>\n\n\n\n<p><strong>\u015arodki powierzchniowo czynne \u2013 charakterystyka i wykorzystanie<\/strong><\/p>\n\n\n\n<p>Zwi\u0105zki powierzchniowo czynne to druga grupa substancji chemicznych wykorzystywanych we wszystkich laboratoriach. W przeciwie\u0144stwie do wszelkiego rodzaju odczynnik\u00f3w s\u0105 one przeznaczone przede wszystkim do usuwania zanieczyszcze\u0144, gwarantuj\u0105c wysoce higieniczne warunki analiz. Cech\u0105 szczeg\u00f3ln\u0105 jest budowa zwi\u0105zk\u00f3w powierzchniowo czynnych, z\u0142o\u017conych w rozpuszczalnej w wodzie cz\u0119\u015bci hydrofilowej oraz rozpuszczalnej w rozpuszczalnikach fazie organicznej \u2013 hydrofobowej.<\/p>\n\n\n\n<p>Je\u015bli chodzi o \u015brodki powierzchniowo czynne, ich zastosowanie pozwala na obni\u017cenie napi\u0119cia powierzchniowego roztwor\u00f3w wodnych i umo\u017cliwiaj\u0105 tworzenie mieszanin dw\u00f3ch cieczy, kt\u00f3re z za\u0142o\u017cenia nie \u0142\u0105cz\u0105 si\u0119 ze sob\u0105, jak oleje i woda.<\/p>\n\n\n\n<p><strong>Produkty w naszej hurtowni<\/strong><\/p>\n\n\n\n<p>Produkty, jakie znajdziesz w naszej ofercie to rozmaite \u015brodki powierzchniowo czynne, anionowe, niejonowe i amfoteryczne, kt\u00f3re znajd\u0105 zastosowanie w Twoim laboratorium. W asortymencie znajdziesz i zam\u00f3wisz mi\u0119dzy innymi:<br>\u2022 Gamal,<br>\u2022 Kwas ABS,<br>\u2022 Polikol,<br>\u2022 Rokacet,<br>\u2022 Rokafenol,<br>\u2022 Rokamid,<br>\u2022 Rokamin,<br>\u2022 Roksol,<br>\u2022 Rokopol,<br>\u2022 Sulforokafenol,<br>\u2022 Tr\u00f3jetanoloamina.<\/p>\n\n\n\n<p>Produkty, jakie znajdziesz w naszej hurtowni, pochodz\u0105 od znanego na polskim rynku wytw\u00f3rcy \u2013 PCC Exol, od lat specjalizuj\u0105cego si\u0119 w produkcji chemii o szerokim spektrum zastosowa\u0144. Oferujemy tak\u017ce inne wyposa\u017cenie laboratoryjne znanych marek \u2013&nbsp;<a href=\"http:\/\/hurtchem.com.pl\/\">Exol pcc<\/a>, Millipore Polska.<\/p>\n\n\n\n<p><strong>Zapytania prosimy kierowa\u0107 na adres<\/strong>: <strong><a href=\"mailto:logistyka@hurtchem.pl\">logistyka@hurtchem.pl<\/a><\/strong><\/p>\n\n\n\n<p><\/p>\n\n\n\n<hr class=\"wp-block-separator has-text-color has-background has-white-background-color has-white-color\"\/>\n\n\n\n<p>   <\/p>\n\n\n\n<p>Poni\u017cej prezentujemy pe\u0142n\u0105 list\u0119 dost\u0119pnych produkt\u00f3w<\/p>\n\n\n\n<p>ABSNa 50<br>EXOclean AC<br>EXOclean AL<br>Exoclean BCK<br>Exoclean PW<br>Exofos PB-139<br>Exofos PB-184<br>EXOPEARL N<br>KWAS ABS<br>POLIkol 1500<br>POLIkol 1500 P\u0142atki<br>POLIkol 200<br>POLIkol 300<br>Polikol 400<br>POLIkol 4500<br>POLIkol 4500 P\u0142atki<br>Polikol 600<br>Polikon TEST<br>ROKAcet K7<br>ROKAcet O7<br>ROKACET R11<br>ROKAcet R26<br>ROKAcet R40<br>ROKAcet R70<br>ROKAcet RZ17<br>ROKAcet S24<br>Rokacet S7<br>ROKAfenol N6P4<br>ROKAfenol N6P6<br>ROKAfenol N8P14<br>ROKAfenol N8P7<br>ROKAmer 1010<br>ROKAmer 1010\/50<br>ROKAMER 2000<br>ROKAMER 2100<br>ROKAMER 2330<br>ROKAMER 2600<br>ROKAMER 2950<br>Rokamer G3500<br>ROKAMID KAD<br>ROKAmid KAD\/2A<br>ROKAmid MRZ17<br>ROKAmid RAD<br>ROKAmid RZ5P6<br>ROKAmid TW5P6<br>ROKAmin K15<br>Rokamin K15K<br>Rokamin K5<br>ROKAmin SR11<br>ROKAmin SR22<br>ROKAmin SR5<br>ROKAmin SR8<br>ROKAmin SR8 Koncentrat<br>ROKAmin SR8P4<br>Rokamin SRK8<br>ROKAmina K30<br>ROKAnol B2<br>ROKAnol DB11W<br>ROKAnol DB3<br>ROKAnol DB5<br>ROKAnol DB7<br>ROKAnol DB7W<br>Rokanol GA3<br>ROKAnol GA4<br>Rokanol GA4LA<br>Rokanol GA5<br>ROKanol GA7<br>ROKAnol GA7W<br>ROKAnol GA8<br>ROKAnol GA8W<br>Rokanol GA9<br>Rokanol GA9LA<br>Rokanol GA9W<br>ROKAnol ID5<br>ROKAnol ID7<br>ROKAnol ID8<br>ROKAnol IT10<br>ROKAnol IT12<br>ROKAnol IT3<br>ROKAnol IT5<br>ROKAnol IT6<br>ROKAnol IT7<br>ROKAnol IT8<br>ROKAnol IT9<br>ROKAnol IT9W<br>ROKAnol K14<br>ROKAnol K18<br>ROKAnol K21<br>ROKAnol K3<br>ROKAnol K5<br>ROKAnol K7<br>ROKAnol L10<br>ROKAnol L10\/80<br>ROKAnol L22<br>ROKANOL L3A<br>ROKAnol L4<br>ROKAnol L4P5<br>ROKAnol L5P5<br>ROKAnol L7<br>ROKAnol L7A<br>ROKAnol L7W<br>ROKAnol L80<br>ROKAnol L80\/50W<br>ROKAnol LK2<br>ROKAnol LK3<br>ROKAnol LN75\/50<br>Rokanol LP100<br>ROKAnol LP200<br>Rokanol LP2024W\/95<br>Rokanol LP2126<br>ROKAnol LP27<br>Rokanol LP2855<br>ROKAnol LP3135<br>ROKAnol LP3943<br>ROKAnol LP400<br>ROKAnol LP700<br>Rokanol LP911<br>Rokanol NL12W\/80<br>ROKAnol NL3<br>Rokanol NL4<br>ROKAnol NL5<br>ROKAnol NL6<br>ROKAnol NL8<br>ROKAnol NL8P4<br>Rokanol NL9<br>ROKAnol O100<br>ROKAnol O3<br>ROKAnol RZ4P11<br>ROKAnol T10<br>ROKAnol T18<br>ROKAnol T6<br>ROKOPOL G5070<br>Roksol EMB2<br>Roksol MS<br>Roksol MSL<br>Rokwin 60<br>Rokwin 80<br>ROKwinol 60<br>ROKwinol 80<br>ROSULfan D<br>ROSULfan L<br>Sulfobursztynian DOSS70GP<br>Sulfobursztynian L3\/40<br>Sulfobursztynian N5<br>SULFOROKAnol D232P<br>SULFOROKAnol L225\/1<br>SULFOROKAnol L227\/1<br>SULFOROKAnol L270\/1<br>TEA S<br>Sulforokanol L327\/1<br>Sulforokanol L327<br>Roteor M Premium beczka 200L<br>Roteor M Premium beczka 50L<br>Roteor M Premium IBC 1000L<br>Rotclean kanister 10L<br>Rotclean kanister 5L<br>Rotquick kanister 10L<br>Rotquick kanister 20L<br>Rotquick kanister 50L<br>Rotquick beczka 200L<br>Roksol MS Kanister 60<br>Rokrysol WF1<br>Rokrysol WF2<br>Tequat LC90i<br>Polikarboksylat AMC60<br>Rokanol PL10<br>Dyspergator NNOCE kanister 60KG<br>Rokelan OPD<br>Roksol AZR<br>Roksol PSP<br>Roksol SR22<br>Rokrysol JW20<br>Exowet ER22<br>Roclean ATMP<br>Rostabil TNF<br>Exotrope CS<br>Exodust Green<br>Exolat C40<br>Rodys LP<\/p>\n\n\n\n<p><\/p>\n\n\n\n<p>Zadzwo\u0144 do nas i dowiedz si\u0119 wi\u0119cej!<\/p>\n\n\n\n<p><\/p>\n\n\n\n<h2 class=\"wp-block-heading\">&nbsp; &nbsp;NASZ PARTNER<\/h2>\n\n\n\n<h2 class=\"wp-block-heading\"><img loading=\"lazy\" decoding=\"async\" width=\"150\" height=\"118\" src=\"http:\/\/hurtchem.com.pl\/images\/HURTCHEM\/producenci\/pcc_exol.jpg\" alt=\"\"><\/h2>\n","protected":false},"excerpt":{"rendered":"<p>Zwi\u0105zki powierzchniowo czynne anionowe, niejonowe i amfoteryczne takie jak:&nbsp; Produkty chemiczne wykorzystywane w laboratoriach to mi\u0119dzy innymi grupa substancji okre\u015blanych jako \u015brodki powierzchniowo czynne, nazywanych r\u00f3wnie\u017c surfaktantami lub tenzydami. Nasza hurtownia oferuje wiele tego typu produkt\u00f3w dedykowanych wszystkim rodzajom laboratori\u00f3w. \u015arodki powierzchniowo czynne \u2013 charakterystyka i wykorzystanie Zwi\u0105zki powierzchniowo czynne to druga grupa substancji chemicznych [&hellip;]<\/p>\n","protected":false},"author":1,"featured_media":0,"parent":0,"menu_order":0,"comment_status":"closed","ping_status":"closed","template":"","meta":{"footnotes":""},"class_list":["post-132","page","type-page","status-publish","hentry"],"_links":{"self":[{"href":"https:\/\/hurtchem.com.pl\/index.php\/wp-json\/wp\/v2\/pages\/132","targetHints":{"allow":["GET"]}}],"collection":[{"href":"https:\/\/hurtchem.com.pl\/index.php\/wp-json\/wp\/v2\/pages"}],"about":[{"href":"https:\/\/hurtchem.com.pl\/index.php\/wp-json\/wp\/v2\/types\/page"}],"author":[{"embeddable":true,"href":"https:\/\/hurtchem.com.pl\/index.php\/wp-json\/wp\/v2\/users\/1"}],"replies":[{"embeddable":true,"href":"https:\/\/hurtchem.com.pl\/index.php\/wp-json\/wp\/v2\/comments?post=132"}],"version-history":[{"count":16,"href":"https:\/\/hurtchem.com.pl\/index.php\/wp-json\/wp\/v2\/pages\/132\/revisions"}],"predecessor-version":[{"id":607,"href":"https:\/\/hurtchem.com.pl\/index.php\/wp-json\/wp\/v2\/pages\/132\/revisions\/607"}],"wp:attachment":[{"href":"https:\/\/hurtchem.com.pl\/index.php\/wp-json\/wp\/v2\/media?parent=132"}],"curies":[{"name":"wp","href":"https:\/\/api.w.org\/{rel}","templated":true}]}}